{"id":2848,"date":"2024-11-21T05:03:41","date_gmt":"2024-11-20T22:03:41","guid":{"rendered":"https:\/\/viennghiencuusuckhoetoandien.vn\/nghien-cuu-khoa-hoc\/"},"modified":"2025-12-25T11:23:16","modified_gmt":"2025-12-25T04:23:16","slug":"nghien-cuu-khoa-hoc","status":"publish","type":"page","link":"https:\/\/viennghiencuusuckhoetoandien.vn\/en\/scientific-research\/","title":{"rendered":"Research"},"content":{"rendered":"\t\t<div data-elementor-type=\"wp-page\" data-elementor-id=\"2848\" class=\"elementor elementor-2848 elementor-79\">\n\t\t\t\t\t\t<div class=\"elementor-section elementor-top-section elementor-element elementor-element-b472cc0 cus-anpham pbmit-col-stretched-none pbmit-bg-color-over-image elementor-section-boxed elementor-section-height-default elementor-section-height-default\" data-id=\"b472cc0\" data-element_type=\"section\">\n\t\t\t\t\t\t<div class=\"elementor-container elementor-column-gap-no\">\n\t\t\t\t\t<div class=\"elementor-column elementor-col-100 elementor-top-column elementor-element elementor-element-d7f5c52 pbmit-bg-color-over-image\" data-id=\"d7f5c52\" data-element_type=\"column\">\n\t\t\t<div class=\"elementor-widget-wrap elementor-element-populated\">\n\t\t\t\t\t\t<div class=\"elementor-element elementor-element-f9fe714 elementor-widget elementor-widget-pbmit_portfolio_element\" data-id=\"f9fe714\" data-element_type=\"widget\" data-widget_type=\"pbmit_portfolio_element.default\">\n\t\t\t\t<div class=\"elementor-widget-container\">\n\t\t\t\t\t\t\t\t\t\t<div class=\"pbminfotech-element\n\t\t\tpbminfotech-element-portfolio\t\t\tpbmit-element-portfolio-style-3\t\t\tpbmit-element-viewtype-row-column\t\t\tpbmit-element-column-four\t\t\tpbmit-element-sticky-carousel-false\t\t\tpbmit-element-caroursel-dot-false\t\t\tpbmit-infinite-scroll-no\t\t\tpbmit-infinite-scroll-button-no\t\t\tpbminfotech-gap-default\t\t\t\t\t\t\t\t\t\"\n\t\t\t\tdata-cpt=\"portfolio\"\n\t\t\t\tdata-totalpagination=\"1\"\n\t\t\t\tdata-style=\"3\"\n\t\t\t\tdata-show=\"9\"\n\t\t\t\tdata-columns=\"4\"\n\t\t\t\tdata-loop=\"false\"\n\t\t\t\tdata-autoplay=\"false\"\n\t\t\t\tdata-center=\"false\"\n\t\t\t\tdata-nav=\"false\"\n\t\t\t\tdata-dots=\"false\"\n\t\t\t\tdata-reverse=\"false\"\n\t\t\t\tdata-speed=\"1000\"\n\t\t\t\tdata-delay=\"4000\"\n\t\t\t\tdata-margin=\"default\"\n\t\t\t\tdata-show-portion=\"false\">\n\t\t\t\t<div class=\"pbmit-element-inner\">\n\t\t\t\t\t\t\t\t\t<div class=\"pbmit-ele-header-area\">\r\n\t\t\t\t <div class=\"pbmit-heading-subheading  animation-style5\"><\/div>\t\t\t\t\t\t\t<\/div>\r\n\t\t\t\t<div class=\"pbmit-infinite-scroll-data\">{\"cpt\":\"portfolio\",\"style\":\"3\",\"columns\":\"4\",\"show\":9,\"from_category\":[\"cong-bo-khoa-hoc\",\"nghien-cuu-khoa-hoc\"],\"order\":\"DESC\",\"orderby\":\"none\"}<\/div>\t\t\t\t<div class=\"pbmit-element-posts-wrapper row multi-columns-row \" >\r\n\t\t\t\t\t<article class=\"pbmit-ele pbmit-ele-portfolio pbmit-portfolio-style-3 col-md-6 col-lg-3 scientific-research pbmit-term-83 pbmit-odd pbmit-col-odd\"><div class=\"pbminfotech-post-content\">\r\n\t\t<div class=\"pbminfotech-box-content\">\r\n\t\t<div class=\"pbminfotech-titlebox\">\r\n\t\t\t<div class=\"pbmit-port-cat\"><a href=\"https:\/\/viennghiencuusuckhoetoandien.vn\/en\/portfolio-category\/scientific-research\/\" rel=\"tag\">Scientific Research<\/a><\/div>\r\n\t\t\t<h3 class=\"pbmit-portfolio-title\"><a href=\"https:\/\/viennghiencuusuckhoetoandien.vn\/en\/applying-genetic-decoding-to-guide-nutrition-for-proactive-health-care\/\">Applying Genetic Decoding to Guide Nutrition for Proactive Health Care<\/a><\/h3>\r\n\t\t<\/div>\r\n\t<\/div>\r\n\t<div class=\"pbmit-shape-wraper\">\r\n\t\t<div class=\"pbmit-shape-wraper-inner\">\r\n\t\t\t<a class=\"pbmit-portfolio-btn\" href=\"https:\/\/viennghiencuusuckhoetoandien.vn\/en\/applying-genetic-decoding-to-guide-nutrition-for-proactive-health-care\/\" title=\"Applying Genetic Decoding to Guide Nutrition for Proactive Health Care\"><span class=\"pbmit-button-icon-wrapper\"><span class=\"pbmit-button-icon\"><i class=\"pbmit-base-icon-black-arrow-1\"><\/i><\/span><\/span><\/a>\r\n\t\t<\/div>\r\n\t<\/div>\r\n<\/div><\/article><article class=\"pbmit-ele pbmit-ele-portfolio pbmit-portfolio-style-3 col-md-6 col-lg-3 scientific-research pbmit-term-83 pbmit-even pbmit-col-odd\"><div class=\"pbminfotech-post-content\">\r\n\t\t<div class=\"pbminfotech-box-content\">\r\n\t\t<div class=\"pbminfotech-titlebox\">\r\n\t\t\t<div class=\"pbmit-port-cat\"><a href=\"https:\/\/viennghiencuusuckhoetoandien.vn\/en\/portfolio-category\/scientific-research\/\" rel=\"tag\">Scientific Research<\/a><\/div>\r\n\t\t\t<h3 class=\"pbmit-portfolio-title\"><a href=\"https:\/\/viennghiencuusuckhoetoandien.vn\/en\/medicine-30-and-5p-in-advanced-breast-cancer-prevention\/\">Medicine 3.0\u201d and \u201c5P\u201d in Advanced Breast Cancer Prevention<\/a><\/h3>\r\n\t\t<\/div>\r\n\t<\/div>\r\n\t<div class=\"pbmit-shape-wraper\">\r\n\t\t<div class=\"pbmit-shape-wraper-inner\">\r\n\t\t\t<a class=\"pbmit-portfolio-btn\" href=\"https:\/\/viennghiencuusuckhoetoandien.vn\/en\/medicine-30-and-5p-in-advanced-breast-cancer-prevention\/\" title=\"Medicine 3.0\u201d and \u201c5P\u201d in Advanced Breast Cancer Prevention\"><span class=\"pbmit-button-icon-wrapper\"><span class=\"pbmit-button-icon\"><i class=\"pbmit-base-icon-black-arrow-1\"><\/i><\/span><\/span><\/a>\r\n\t\t<\/div>\r\n\t<\/div>\r\n<\/div><\/article><article class=\"pbmit-ele pbmit-ele-portfolio pbmit-portfolio-style-3 col-md-6 col-lg-3 scientific-research pbmit-term-83 pbmit-odd pbmit-col-odd\"><div class=\"pbminfotech-post-content\">\r\n\t\t<div class=\"pbminfotech-box-content\">\r\n\t\t<div class=\"pbminfotech-titlebox\">\r\n\t\t\t<div class=\"pbmit-port-cat\"><a href=\"https:\/\/viennghiencuusuckhoetoandien.vn\/en\/portfolio-category\/scientific-research\/\" rel=\"tag\">Scientific Research<\/a><\/div>\r\n\t\t\t<h3 class=\"pbmit-portfolio-title\"><a href=\"https:\/\/viennghiencuusuckhoetoandien.vn\/en\/sevice-overview-of-proactive-healthcare-the-role-of-medicine-3-0-and-5p-medicine-in-prevention-and-early-intervention\/\">Overview of Proactive Healthcare: The Role of Medicine 3.0 and 5P Medicine in Prevention and Early Intervention<\/a><\/h3>\r\n\t\t<\/div>\r\n\t<\/div>\r\n\t<div class=\"pbmit-shape-wraper\">\r\n\t\t<div class=\"pbmit-shape-wraper-inner\">\r\n\t\t\t<a class=\"pbmit-portfolio-btn\" href=\"https:\/\/viennghiencuusuckhoetoandien.vn\/en\/sevice-overview-of-proactive-healthcare-the-role-of-medicine-3-0-and-5p-medicine-in-prevention-and-early-intervention\/\" title=\"Overview of Proactive Healthcare: The Role of Medicine 3.0 and 5P Medicine in Prevention and Early Intervention\"><span class=\"pbmit-button-icon-wrapper\"><span class=\"pbmit-button-icon\"><i class=\"pbmit-base-icon-black-arrow-1\"><\/i><\/span><\/span><\/a>\r\n\t\t<\/div>\r\n\t<\/div>\r\n<\/div><\/article>\t\t\t<\/div>\r\n\t\t\t\t\t\t\r\n\t\t\t\t\t\t<\/div><!-- .pbmit-element-inner -->\n\t\t\t<\/div><!-- .pbminfotech-element -->\n\t\t\t\t\t\t<\/div>\n\t\t\t\t<\/div>\n\t\t\t\t\t<\/div>\n\t\t<\/div>\n\t\t\t\t\t<\/div>\n\t\t<\/div>\n\t\t\t\t<\/div>\n\t\t","protected":false},"excerpt":{"rendered":"<p>{&#8220;cpt&#8221;:&#8221;portfolio&#8221;,&#8221;style&#8221;:&#8221;3&#8243;,&#8221;columns&#8221;:&#8221;4&#8243;,&#8221;show&#8221;:9,&#8221;from_category&#8221;:[&#8220;cong-bo-khoa-hoc&#8221;,&#8221;nghien-cuu-khoa-hoc&#8221;],&#8221;order&#8221;:&#8221;DESC&#8221;,&#8221;orderby&#8221;:&#8221;none&#8221;} C\u00f4ng b\u1ed1 khoa h\u1ecdc, Nghi\u00ean c\u1ee9u khoa h\u1ecdc \u1ee8ng d\u1ee5ng gi\u1ea3i m\u00e3 Gen \u0111\u1ec3 l\u1ef1a ch\u1ecdn dinh d\u01b0\u1ee1ng ch\u0103m s\u00f3c s\u1ee9c kh\u1ecfe ch\u1ee7 \u0111\u1ed9ng &nbsp; S\u1edf h\u1eefu tr\u00ed tu\u1ec7, Nghi\u00ean c\u1ee9u khoa h\u1ecdc Medicine 3.0\u201d v\u00e0 \u201c5P\u201d trong d\u1ef1 ph\u00f2ng chuy\u00ean s\u00e2u ung th\u01b0 v\u00fa &nbsp; \u1ea4n ph\u1ea9m, Nghi\u00ean c\u1ee9u khoa h\u1ecdc Overview of [&hellip;]<\/p>\n","protected":false},"author":1,"featured_media":0,"parent":0,"menu_order":16,"comment_status":"closed","ping_status":"closed","template":"","meta":{"_acf_changed":false,"inline_featured_image":false,"footnotes":""},"class_list":["post-2848","page","type-page","status-publish","hentry"],"acf":[],"_links":{"self":[{"href":"https:\/\/viennghiencuusuckhoetoandien.vn\/en\/wp-json\/wp\/v2\/pages\/2848","targetHints":{"allow":["GET"]}}],"collection":[{"href":"https:\/\/viennghiencuusuckhoetoandien.vn\/en\/wp-json\/wp\/v2\/pages"}],"about":[{"href":"https:\/\/viennghiencuusuckhoetoandien.vn\/en\/wp-json\/wp\/v2\/types\/page"}],"author":[{"embeddable":true,"href":"https:\/\/viennghiencuusuckhoetoandien.vn\/en\/wp-json\/wp\/v2\/users\/1"}],"replies":[{"embeddable":true,"href":"https:\/\/viennghiencuusuckhoetoandien.vn\/en\/wp-json\/wp\/v2\/comments?post=2848"}],"version-history":[{"count":3,"href":"https:\/\/viennghiencuusuckhoetoandien.vn\/en\/wp-json\/wp\/v2\/pages\/2848\/revisions"}],"predecessor-version":[{"id":2930,"href":"https:\/\/viennghiencuusuckhoetoandien.vn\/en\/wp-json\/wp\/v2\/pages\/2848\/revisions\/2930"}],"wp:attachment":[{"href":"https:\/\/viennghiencuusuckhoetoandien.vn\/en\/wp-json\/wp\/v2\/media?parent=2848"}],"curies":[{"name":"wp","href":"https:\/\/api.w.org\/{rel}","templated":true}]}}