{"id":2870,"date":"2024-11-21T05:06:52","date_gmt":"2024-11-20T22:06:52","guid":{"rendered":"https:\/\/viennghiencuusuckhoetoandien.vn\/dang-ky-tham-gia-nghien-cuu\/"},"modified":"2025-12-24T19:01:56","modified_gmt":"2025-12-24T12:01:56","slug":"dang-ky-tham-gia-nghien-cuu","status":"publish","type":"page","link":"https:\/\/viennghiencuusuckhoetoandien.vn\/en\/dang-ky-tham-gia-nghien-cuu\/","title":{"rendered":"Register"},"content":{"rendered":"\t\t<div data-elementor-type=\"wp-page\" data-elementor-id=\"2870\" class=\"elementor elementor-2870 elementor-76\">\n\t\t\t\t\t\t<div class=\"elementor-section elementor-top-section elementor-element elementor-element-b472cc0 pbmit-col-stretched-none pbmit-bg-color-over-image elementor-section-boxed elementor-section-height-default elementor-section-height-default\" data-id=\"b472cc0\" data-element_type=\"section\">\n\t\t\t\t\t\t<div class=\"elementor-container elementor-column-gap-no\">\n\t\t\t\t\t<div class=\"elementor-column elementor-col-100 elementor-top-column elementor-element elementor-element-d7f5c52 pbmit-bg-color-over-image\" data-id=\"d7f5c52\" data-element_type=\"column\">\n\t\t\t<div class=\"elementor-widget-wrap elementor-element-populated\">\n\t\t\t\t\t\t<div class=\"elementor-element elementor-element-9d69066 cus-dangky elementor-widget elementor-widget-pbmit_service_element\" data-id=\"9d69066\" data-element_type=\"widget\" data-widget_type=\"pbmit_service_element.default\">\n\t\t\t\t<div class=\"elementor-widget-container\">\n\t\t\t\t\t\t\t\t\t\t<div class=\"pbminfotech-element\n\t\t\tpbminfotech-element-service\t\t\tpbmit-element-service-style-1\t\t\tpbmit-element-viewtype-row-column\t\t\tpbmit-element-column-three\t\t\tpbmit-element-sticky-carousel-false\t\t\tpbmit-element-caroursel-dot-false\t\t\tpbmit-infinite-scroll-no\t\t\tpbmit-infinite-scroll-button-no\t\t\tpbminfotech-gap-default\t\t\t\t\t\tpbmit-sortable-yes\t\t\t\"\n\t\t\t\tdata-cpt=\"service\"\n\t\t\t\tdata-totalpagination=\"1\"\n\t\t\t\tdata-style=\"1\"\n\t\t\t\tdata-show=\"6\"\n\t\t\t\tdata-columns=\"3\"\n\t\t\t\tdata-loop=\"false\"\n\t\t\t\tdata-autoplay=\"false\"\n\t\t\t\tdata-center=\"false\"\n\t\t\t\tdata-nav=\"false\"\n\t\t\t\tdata-dots=\"false\"\n\t\t\t\tdata-reverse=\"false\"\n\t\t\t\tdata-speed=\"1000\"\n\t\t\t\tdata-delay=\"4000\"\n\t\t\t\tdata-margin=\"default\"\n\t\t\t\tdata-show-portion=\"false\">\n\t\t\t\t<div class=\"pbmit-element-inner\">\n\t\t\t\t\t\t\t<div class=\"pbmit-ele-header-area\">\r\n\t\t\t\t <div class=\"pbmit-heading-subheading  animation-style5\"><\/div>\t\t\t\t<div class=\"pbmit-sortable-list\"><ul class=\"pbmit-sortable-list-ul\">\n\t\t\t\t<li><a href=\"#\" class=\"pbmit-sortable-link pbmit-selected\" data-category=\"tham-gia-nghien-cuu,tham-gia-trai-nghiem\" data-sortby=\"pbmit-term-88,pbmit-term-89\">All<\/a><\/li><li><a href=\"#\" class=\"pbmit-sortable-link\" data-category=\"tham-gia-nghien-cuu\" data-sortby=\"pbmit-term-88\">Research Participation<\/a><\/li><li><a href=\"#\" class=\"pbmit-sortable-link\" data-category=\"tham-gia-trai-nghiem\" data-sortby=\"pbmit-term-89\">Participate In An Experience<\/a><\/li>\n\t\t\t<\/ul><\/div>\t\t\t<\/div>\r\n\t\t<div class=\"pbmit-infinite-scroll-data\">{\"cpt\":\"service\",\"style\":\"1\",\"columns\":\"3\",\"show\":\"6\",\"from_category\":[\"tham-gia-nghien-cuu\",\"tham-gia-trai-nghiem\"],\"order\":\"DESC\",\"orderby\":\"none\"}<\/div>\r\n\t\t\t\t<div class=\"pbmit-element-posts-wrapper row multi-columns-row  \">\r\n\t\t\t\t\r\n\t\t\t\t\t<article class=\"pbmit-ele pbmit-ele-service pbmit-service-style-1 col-md-4 participate-in-an-experience pbmit-term-89  \">\r\n<div class=\"pbminfotech-post-item\">\r\n\t<div class=\"pbminfotech-box-content\">\r\n\t\t<div class=\"pbmit-box-content-wrap\">\r\n\t\t\t<div class=\"pbmit-service-image-wrapper\">\r\n\t\t\t\t<div class=\"pbmit-featured-img-wrapper\"><div class=\"pbmit-featured-wrapper\"><a href=\"https:\/\/viennghiencuusuckhoetoandien.vn\/en\/vai-tro-nguoi-trai-nghiem-giai-phap\/\"><img fetchpriority=\"high\" decoding=\"async\" width=\"497\" height=\"363\" src=\"https:\/\/viennghiencuusuckhoetoandien.vn\/wp-content\/uploads\/2025\/11\/VNC-Dang-ky-CTV-Nguoi-trai-nghiem.png\" class=\"attachment-pbmit-img-770x570 size-pbmit-img-770x570 wp-post-image\" alt=\"\" srcset=\"https:\/\/viennghiencuusuckhoetoandien.vn\/wp-content\/uploads\/2025\/11\/VNC-Dang-ky-CTV-Nguoi-trai-nghiem.png 497w, https:\/\/viennghiencuusuckhoetoandien.vn\/wp-content\/uploads\/2025\/11\/VNC-Dang-ky-CTV-Nguoi-trai-nghiem-300x219.png 300w\" sizes=\"(max-width: 497px) 100vw, 497px\" \/><\/a><\/div><\/div>\t\t\t<\/div>\r\n\t\t\t<div class=\"pbmit-box-content-inner\">\r\n\t\t\t\t<div class=\"pbmit-contant-box\">\r\n\t\t\t\t\t<div class=\"pbmit-serv-cat\"><a href=\"https:\/\/viennghiencuusuckhoetoandien.vn\/en\/service-category\/participate-in-an-experience\/\" rel=\"tag\">Participate In An Experience<\/a><\/div>\r\n\t\t\t\t\t<h3 class=\"pbmit-service-title\"><a href=\"https:\/\/viennghiencuusuckhoetoandien.vn\/en\/vai-tro-nguoi-trai-nghiem-giai-phap\/\">Role of the solution participant<\/a><\/h3>\r\n\t\t\t\t\t\t\t\t\t<\/div>\r\n\t\t\t<\/div>\r\n\t\t<\/div>\r\n\t\t<div class=\"pbmit-shape-wraper\">\r\n\t\t\t<div class=\"pbmit-shape-wraper-inner\">\r\n\t\t\t\t<a class=\"pbmit-service-btn\" href=\"https:\/\/viennghiencuusuckhoetoandien.vn\/en\/vai-tro-nguoi-trai-nghiem-giai-phap\/\" title=\"Role of the solution participant\"><span class=\"pbmit-button-icon-wrapper\"><span class=\"pbmit-button-icon\"><i class=\"pbmit-base-icon-black-arrow-1\"><\/i><\/span><\/span><\/a>\r\n\t\t\t<\/div>\r\n\t\t<\/div>\t\t\r\n\t<\/div>\r\n<\/div><\/article><article class=\"pbmit-ele pbmit-ele-service pbmit-service-style-1 col-md-4 research-participation pbmit-term-88  \">\r\n<div class=\"pbminfotech-post-item\">\r\n\t<div class=\"pbminfotech-box-content\">\r\n\t\t<div class=\"pbmit-box-content-wrap\">\r\n\t\t\t<div class=\"pbmit-service-image-wrapper\">\r\n\t\t\t\t<div class=\"pbmit-featured-img-wrapper\"><div class=\"pbmit-featured-wrapper\"><a href=\"https:\/\/viennghiencuusuckhoetoandien.vn\/en\/role-of-a-researcher\/\"><img decoding=\"async\" width=\"497\" height=\"363\" src=\"https:\/\/viennghiencuusuckhoetoandien.vn\/wp-content\/uploads\/2025\/11\/VNC-Dang-ky-CTV-Nghien-cuu-vien.png\" class=\"attachment-pbmit-img-770x570 size-pbmit-img-770x570 wp-post-image\" alt=\"\" srcset=\"https:\/\/viennghiencuusuckhoetoandien.vn\/wp-content\/uploads\/2025\/11\/VNC-Dang-ky-CTV-Nghien-cuu-vien.png 497w, https:\/\/viennghiencuusuckhoetoandien.vn\/wp-content\/uploads\/2025\/11\/VNC-Dang-ky-CTV-Nghien-cuu-vien-300x219.png 300w\" sizes=\"(max-width: 497px) 100vw, 497px\" \/><\/a><\/div><\/div>\t\t\t<\/div>\r\n\t\t\t<div class=\"pbmit-box-content-inner\">\r\n\t\t\t\t<div class=\"pbmit-contant-box\">\r\n\t\t\t\t\t<div class=\"pbmit-serv-cat\"><a href=\"https:\/\/viennghiencuusuckhoetoandien.vn\/en\/service-category\/research-participation\/\" rel=\"tag\">Research Participation<\/a><\/div>\r\n\t\t\t\t\t<h3 class=\"pbmit-service-title\"><a href=\"https:\/\/viennghiencuusuckhoetoandien.vn\/en\/role-of-a-researcher\/\">Role of a Researcher<\/a><\/h3>\r\n\t\t\t\t\t\t\t\t\t<\/div>\r\n\t\t\t<\/div>\r\n\t\t<\/div>\r\n\t\t<div class=\"pbmit-shape-wraper\">\r\n\t\t\t<div class=\"pbmit-shape-wraper-inner\">\r\n\t\t\t\t<a class=\"pbmit-service-btn\" href=\"https:\/\/viennghiencuusuckhoetoandien.vn\/en\/role-of-a-researcher\/\" title=\"Role of a Researcher\"><span class=\"pbmit-button-icon-wrapper\"><span class=\"pbmit-button-icon\"><i class=\"pbmit-base-icon-black-arrow-1\"><\/i><\/span><\/span><\/a>\r\n\t\t\t<\/div>\r\n\t\t<\/div>\t\t\r\n\t<\/div>\r\n<\/div><\/article><article class=\"pbmit-ele pbmit-ele-service pbmit-service-style-1 col-md-4 participate-in-an-experience pbmit-term-89 research-participation pbmit-term-88  \">\r\n<div class=\"pbminfotech-post-item\">\r\n\t<div class=\"pbminfotech-box-content\">\r\n\t\t<div class=\"pbmit-box-content-wrap\">\r\n\t\t\t<div class=\"pbmit-service-image-wrapper\">\r\n\t\t\t\t<div class=\"pbmit-featured-img-wrapper\"><div class=\"pbmit-featured-wrapper\"><a href=\"https:\/\/viennghiencuusuckhoetoandien.vn\/en\/register\/\"><img decoding=\"async\" width=\"497\" height=\"363\" src=\"https:\/\/viennghiencuusuckhoetoandien.vn\/wp-content\/uploads\/2025\/11\/VNC-Dang-ky-CTV-Dang-ky.png\" class=\"attachment-pbmit-img-770x570 size-pbmit-img-770x570 wp-post-image\" alt=\"\" srcset=\"https:\/\/viennghiencuusuckhoetoandien.vn\/wp-content\/uploads\/2025\/11\/VNC-Dang-ky-CTV-Dang-ky.png 497w, https:\/\/viennghiencuusuckhoetoandien.vn\/wp-content\/uploads\/2025\/11\/VNC-Dang-ky-CTV-Dang-ky-300x219.png 300w\" sizes=\"(max-width: 497px) 100vw, 497px\" \/><\/a><\/div><\/div>\t\t\t<\/div>\r\n\t\t\t<div class=\"pbmit-box-content-inner\">\r\n\t\t\t\t<div class=\"pbmit-contant-box\">\r\n\t\t\t\t\t<div class=\"pbmit-serv-cat\"><a href=\"https:\/\/viennghiencuusuckhoetoandien.vn\/en\/service-category\/participate-in-an-experience\/\" rel=\"tag\">Participate In An Experience<\/a>, <a href=\"https:\/\/viennghiencuusuckhoetoandien.vn\/en\/service-category\/research-participation\/\" rel=\"tag\">Research Participation<\/a><\/div>\r\n\t\t\t\t\t<h3 class=\"pbmit-service-title\"><a href=\"https:\/\/viennghiencuusuckhoetoandien.vn\/en\/register\/\">Register<\/a><\/h3>\r\n\t\t\t\t\t\t\t\t\t<\/div>\r\n\t\t\t<\/div>\r\n\t\t<\/div>\r\n\t\t<div class=\"pbmit-shape-wraper\">\r\n\t\t\t<div class=\"pbmit-shape-wraper-inner\">\r\n\t\t\t\t<a class=\"pbmit-service-btn\" href=\"https:\/\/viennghiencuusuckhoetoandien.vn\/en\/register\/\" title=\"Register\"><span class=\"pbmit-button-icon-wrapper\"><span class=\"pbmit-button-icon\"><i class=\"pbmit-base-icon-black-arrow-1\"><\/i><\/span><\/span><\/a>\r\n\t\t\t<\/div>\r\n\t\t<\/div>\t\t\r\n\t<\/div>\r\n<\/div><\/article>\t\t\t\t<\/div> <!-- .pbmit-element-posts-wrapper -->\r\n\t\t\t\t \r\n\t\t\t\r\n\t\t\t\t\t\t<\/div><!-- .pbmit-element-inner -->\n\t\t\t<\/div><!-- .pbminfotech-element -->\n\t\t\t\t\t\t<\/div>\n\t\t\t\t<\/div>\n\t\t\t\t\t<\/div>\n\t\t<\/div>\n\t\t\t\t\t<\/div>\n\t\t<\/div>\n\t\t\t\t<\/div>\n\t\t","protected":false},"excerpt":{"rendered":"<p>T\u1ea5t c\u1ea3 Tham gia nghi\u00ean c\u1ee9u Tham gia tr\u1ea3i nghi\u1ec7m {&#8220;cpt&#8221;:&#8221;service&#8221;,&#8221;style&#8221;:&#8221;1&#8243;,&#8221;columns&#8221;:&#8221;3&#8243;,&#8221;show&#8221;:&#8221;6&#8243;,&#8221;from_category&#8221;:[&#8220;tham-gia-nghien-cuu&#8221;,&#8221;tham-gia-trai-nghiem&#8221;],&#8221;order&#8221;:&#8221;DESC&#8221;,&#8221;orderby&#8221;:&#8221;none&#8221;} Tham gia tr\u1ea3i nghi\u1ec7m Vai tr\u00f2 ng\u01b0\u1eddi tr\u1ea3i nghi\u1ec7m gi\u1ea3i ph\u00e1p &nbsp; Tham gia nghi\u00ean c\u1ee9u Vai tr\u00f2 nghi\u00ean c\u1ee9u vi\u00ean &nbsp; Tham gia nghi\u00ean c\u1ee9u, Tham gia tr\u1ea3i nghi\u1ec7m \u0110\u0103ng k\u00fd &nbsp;<\/p>\n","protected":false},"author":1,"featured_media":0,"parent":0,"menu_order":11,"comment_status":"closed","ping_status":"closed","template":"","meta":{"_acf_changed":false,"inline_featured_image":false,"footnotes":""},"class_list":["post-2870","page","type-page","status-publish","hentry"],"acf":[],"_links":{"self":[{"href":"https:\/\/viennghiencuusuckhoetoandien.vn\/en\/wp-json\/wp\/v2\/pages\/2870","targetHints":{"allow":["GET"]}}],"collection":[{"href":"https:\/\/viennghiencuusuckhoetoandien.vn\/en\/wp-json\/wp\/v2\/pages"}],"about":[{"href":"https:\/\/viennghiencuusuckhoetoandien.vn\/en\/wp-json\/wp\/v2\/types\/page"}],"author":[{"embeddable":true,"href":"https:\/\/viennghiencuusuckhoetoandien.vn\/en\/wp-json\/wp\/v2\/users\/1"}],"replies":[{"embeddable":true,"href":"https:\/\/viennghiencuusuckhoetoandien.vn\/en\/wp-json\/wp\/v2\/comments?post=2870"}],"version-history":[{"count":1,"href":"https:\/\/viennghiencuusuckhoetoandien.vn\/en\/wp-json\/wp\/v2\/pages\/2870\/revisions"}],"predecessor-version":[{"id":2876,"href":"https:\/\/viennghiencuusuckhoetoandien.vn\/en\/wp-json\/wp\/v2\/pages\/2870\/revisions\/2876"}],"wp:attachment":[{"href":"https:\/\/viennghiencuusuckhoetoandien.vn\/en\/wp-json\/wp\/v2\/media?parent=2870"}],"curies":[{"name":"wp","href":"https:\/\/api.w.org\/{rel}","templated":true}]}}